{"id":1932,"date":"2025-05-14T19:44:47","date_gmt":"2025-05-14T19:44:47","guid":{"rendered":"https:\/\/exhibitgroup.fr\/?page_id=1932"},"modified":"2025-06-13T10:41:04","modified_gmt":"2025-06-13T10:41:04","slug":"mentions-legales-cgv","status":"publish","type":"page","link":"https:\/\/exhibitgroup.fr\/en\/legal-information-cgv\/","title":{"rendered":"Legal information"},"content":{"rendered":"<div data-elementor-type=\"wp-page\" data-elementor-id=\"1932\" class=\"elementor elementor-1932\" data-elementor-post-type=\"page\">\n\t\t\t\t<div class=\"elementor-element elementor-element-7164d76f e-flex e-con-boxed e-con e-parent\" data-id=\"7164d76f\" data-element_type=\"container\" data-e-type=\"container\">\n\t\t\t\t\t<div class=\"e-con-inner\">\n\t\t\t\t<div class=\"elementor-element elementor-element-e997183 elementor-widget elementor-widget-heading\" data-id=\"e997183\" data-element_type=\"widget\" data-e-type=\"widget\" data-widget_type=\"heading.default\">\n\t\t\t\t<div class=\"elementor-widget-container\">\n\t\t\t\t\t<h1 class=\"elementor-heading-title elementor-size-default\">Legal information<\/h1>\t\t\t\t<\/div>\n\t\t\t\t<\/div>\n\t\t\t\t<div class=\"elementor-element elementor-element-42b79c21 elementor-widget elementor-widget-text-editor\" data-id=\"42b79c21\" data-element_type=\"widget\" data-e-type=\"widget\" data-widget_type=\"text-editor.default\">\n\t\t\t\t<div class=\"elementor-widget-container\">\n\t\t\t\t\t\t\t\t\t<section id=\"content\" class=\"animated\"><section class=\"bloc bloc_wysiwyg getUp fadeIn animated\"><h2>I. IDENTIFICATION<\/h2><p>This website www.exhibitgroup.fr is the property of Exhibit Group SAS, registered in the Grasse trade register under number 389 590 100 and located at 18\u00e8me rue - 5\u00e8me avenue 06510 Carros.<\/p><p><strong>Director of publication :<\/strong>\u00a0Mr Julien Rivaton<br \/><strong>Editorial manager :<\/strong>\u00a0Mr Yannic Batifoulier<br \/><strong>Web Design :<\/strong> Exhibit Group<br \/><strong>Integration &amp; development :<\/strong> Exhibit Group<\/p><p><strong>SIRET :<\/strong>\u00a0389 590 100 00043<br \/><strong>APE code :<\/strong>\u00a07010 Z<br \/><strong>Intracommunity VAT :<\/strong>\u00a0FR 46 389 590 100<\/p><p>\u00a0<\/p><h2>II. INTELLECTUAL PROPERTY RIGHTS<\/h2><p>The general design, as well as the texts, films, images, sounds, know-how and all other elements making up the site are the exclusive property of Exhibit Group, its subsidiaries and\/or its suppliers. This entire site is covered by French legislation on copyright and intellectual property.<br \/>Reproduction of all or part of this site (other than as technically necessary for consultation) on any electronic medium whatsoever is expressly prohibited.<br \/>Any use of the site's content in contravention of these provisions constitutes an infringement within the meaning of article 335-2 of the French Intellectual Property Code.<br \/>In addition to civil liability for damages, the company may be liable to a fine of \u20ac300,000 and\/or 3 years' imprisonment.<br \/>For other uses, please contact us (via the \"CONTACT US\" section of the site and\/or by e-mail at the following address: marketing@exhibitgroup.fr).<br \/>The trademarks mentioned on this site are registered by the companies that own them.<br \/>Any hypertext links to the www.exhibitgroup.fr website from other resources on the Internet must be expressly authorised in writing by the Exhibit Group Marketing Department. For this purpose, please contact us (via the \"CONTACT US\" section of the site and\/or by e-mail at the following address: marketing@exhibitgroup.fr).<br \/>Exhibit Group accepts no responsibility for the content of websites to which hypertext links may be provided from the site.<span style=\"display: inline !important;\">\u00a0\"www.exhibitgroup.fr\".<\/span><\/p><p><span style=\"display: inline !important;\">\u00a0<\/span><\/p><h2>III. ACCOMMODATION - SECURITY - LIABILITY<\/h2><p>The www.exhibitgroup.fr website is hosted on the servers of OVH (www.ovh.com), 2 rue Kellermann, 59100 Roubaix.<br \/>Users of this site acknowledge that they are competent to access and use this site and that they have checked that the computer configuration used does not contain any viruses and is in perfect working order.<br \/>Users acknowledge that they have been informed that this site is accessible without interruption, except in cases of force majeure, computer difficulties, difficulties linked to communications networks or technical problems.<br \/>Exhibit Group reserves the right to interrupt the site at any time for maintenance reasons. Exhibit Group makes every effort to provide users with available and verified information and\/or tools, but cannot be held responsible for errors, lack of availability of information and\/or the presence of viruses on its site.<\/p><p>Exhibit Group makes every effort to ensure that the information published on the site is accurate and up-to-date. Exhibit Group reserves the right to correct the content of the site at any time without prior notice.<\/p><p>In particular, Exhibit Group cannot be held responsible for :<\/p><p>- any imprecision, inaccuracy or omission relating to information available on the site;<\/p><p>- any damage resulting from computer intrusion by a third party leading to modification of the information made available on the site;<\/p><p>- and more generally, for any damage, direct or indirect, whatever the cause, origin, nature or consequences, caused as a result of access by any person to the site or the impossibility of accessing it, as well as the use of the site and\/or the credit given to any information coming directly or indirectly from the latter.<\/p><p>Exhibit Group takes steps to ensure the security of the files created from personal data collected on the site. However, it should be noted that Exhibit Group does not control the risks associated with the operation of the Internet and draws the attention of Internet users to the existence of possible risks in terms of the confidentiality of data transmitted via this network.<\/p><p>\u00a0<\/p><h2>IV. CHANGES TO THE INFORMATION L<b>\u00c9<\/b>GALES<\/h2><p>Exhibit Group informs visitors to the site that these terms and conditions may be amended at any time. These changes are published online and are deemed to have been accepted unreservedly by any user accessing the site after they have been posted online.<\/p><p>\u00a0<\/p><h2>V. DISPUTES<\/h2><p>These terms and conditions have been drawn up in accordance with French law, and in particular with the provisions of Act no. 2004-575 of 21 June 2004 on confidence in the digital economy and Act no. 78-17 of 6 January 1978 on data processing, data files and individual liberties. The French courts have territorial jurisdiction to hear any dispute arising from the use of the site, except where otherwise provided by Regulation no. 44\/2001 of 20 December 2000 on jurisdiction and the recognition and enforcement of judgments in civil and commercial matters (Brussels I).<\/p><p>If you have any questions about the use of the site and\/or these terms and conditions, or if you have any queries that you would like to address to Exhibit Group, you can send a message in the \"CONTACT US\" section of the site and\/or an e-mail to the following address: marketing@exhibitgroup.fr.<\/p><\/section><\/section><section id=\"prefooter\" class=\"animated\"><div class=\"container-fluid\"><div class=\"row\"><div class=\"col-md-6\">\u00a0<\/div><div class=\"col-md-6\"><div class=\"socials\">\u00a0<\/div><\/div><\/div><\/div><\/section>\t\t\t\t\t\t\t\t<\/div>\n\t\t\t\t<\/div>\n\t\t\t\t\t<\/div>\n\t\t\t\t<\/div>\n\t\t\t\t<\/div>","protected":false},"excerpt":{"rendered":"<p>I. IDENTIFICATION Le pr\u00e9sent site www.exhibitgroup.fr est la propri\u00e9t\u00e9 de Exhibit Group SAS, inscrit au registre du commerce de Grasse sous le N\u00b0 389 590 100 et localis\u00e9 18\u00e8me rue \u2013 5\u00e8me avenue 06510 Carros. Directeur de la publication :\u00a0M. Julien RivatonResponsable \u00e9ditorial :\u00a0M. Yannic BatifoulierWeb Design : Exhibit GroupInt\u00e9gration &amp; d\u00e9veloppement : Exhibit Group [&hellip;]<\/p>\n","protected":false},"author":1,"featured_media":0,"parent":0,"menu_order":14,"comment_status":"closed","ping_status":"closed","template":"","meta":{"_acf_changed":false,"footnotes":""},"class_list":["post-1932","page","type-page","status-publish","hentry"],"acf":[],"yoast_head":"<!-- This site is optimized with the Yoast SEO plugin v27.3 - https:\/\/yoast.com\/product\/yoast-seo-wordpress\/ -->\n<title>Mentions l\u00e9gales - Exhibit Group<\/title>\n<meta name=\"description\" content=\"Consultez les mentions l\u00e9gales du site Exhibit Group : informations juridiques, propri\u00e9t\u00e9 intellectuelle et conditions d\u2019utilisation du site.\" \/>\n<meta name=\"robots\" content=\"index, follow, max-snippet:-1, max-image-preview:large, max-video-preview:-1\" \/>\n<link rel=\"canonical\" href=\"https:\/\/exhibitgroup.fr\/en\/legal-information-cgv\/\" \/>\n<meta property=\"og:locale\" content=\"en_GB\" \/>\n<meta property=\"og:type\" content=\"article\" \/>\n<meta property=\"og:title\" content=\"Mentions l\u00e9gales - Exhibit Group\" \/>\n<meta property=\"og:description\" content=\"Consultez les mentions l\u00e9gales du site Exhibit Group : informations juridiques, propri\u00e9t\u00e9 intellectuelle et conditions d\u2019utilisation du site.\" \/>\n<meta property=\"og:url\" content=\"https:\/\/exhibitgroup.fr\/en\/legal-information-cgv\/\" \/>\n<meta property=\"og:site_name\" content=\"Exhibit Group\" \/>\n<meta property=\"article:publisher\" content=\"https:\/\/www.facebook.com\/ExhibitGroup.fr\/\" \/>\n<meta property=\"article:modified_time\" content=\"2025-06-13T10:41:04+00:00\" \/>\n<meta property=\"og:image\" content=\"https:\/\/exhibitgroup.fr\/wp-content\/uploads\/EXHIBIT_GROUP_LOGO.jpg\" \/>\n\t<meta property=\"og:image:width\" content=\"2373\" \/>\n\t<meta property=\"og:image:height\" content=\"675\" \/>\n\t<meta property=\"og:image:type\" content=\"image\/jpeg\" \/>\n<meta name=\"twitter:card\" content=\"summary_large_image\" \/>\n<meta name=\"twitter:label1\" content=\"Estimated reading time\" \/>\n\t<meta name=\"twitter:data1\" content=\"5 minutes\" \/>\n<script type=\"application\/ld+json\" class=\"yoast-schema-graph\">{\"@context\":\"https:\\\/\\\/schema.org\",\"@graph\":[{\"@type\":\"WebPage\",\"@id\":\"https:\\\/\\\/exhibitgroup.fr\\\/mentions-legales-cgv\\\/\",\"url\":\"https:\\\/\\\/exhibitgroup.fr\\\/mentions-legales-cgv\\\/\",\"name\":\"Mentions l\u00e9gales - Exhibit Group\",\"isPartOf\":{\"@id\":\"https:\\\/\\\/exhibitgroup.fr\\\/fr\\\/#website\"},\"datePublished\":\"2025-05-14T19:44:47+00:00\",\"dateModified\":\"2025-06-13T10:41:04+00:00\",\"description\":\"Consultez les mentions l\u00e9gales du site Exhibit Group : informations juridiques, propri\u00e9t\u00e9 intellectuelle et conditions d\u2019utilisation du site.\",\"breadcrumb\":{\"@id\":\"https:\\\/\\\/exhibitgroup.fr\\\/mentions-legales-cgv\\\/#breadcrumb\"},\"inLanguage\":\"en-GB\",\"potentialAction\":[{\"@type\":\"ReadAction\",\"target\":[\"https:\\\/\\\/exhibitgroup.fr\\\/mentions-legales-cgv\\\/\"]}]},{\"@type\":\"BreadcrumbList\",\"@id\":\"https:\\\/\\\/exhibitgroup.fr\\\/mentions-legales-cgv\\\/#breadcrumb\",\"itemListElement\":[{\"@type\":\"ListItem\",\"position\":1,\"name\":\"Accueil\",\"item\":\"https:\\\/\\\/exhibitgroup.fr\\\/\"},{\"@type\":\"ListItem\",\"position\":2,\"name\":\"Mentions l\u00e9gales\"}]},{\"@type\":\"WebSite\",\"@id\":\"https:\\\/\\\/exhibitgroup.fr\\\/fr\\\/#website\",\"url\":\"https:\\\/\\\/exhibitgroup.fr\\\/fr\\\/\",\"name\":\"Exhibit Group\",\"description\":\"\",\"publisher\":{\"@id\":\"https:\\\/\\\/exhibitgroup.fr\\\/fr\\\/#organization\"},\"potentialAction\":[{\"@type\":\"SearchAction\",\"target\":{\"@type\":\"EntryPoint\",\"urlTemplate\":\"https:\\\/\\\/exhibitgroup.fr\\\/fr\\\/?s={search_term_string}\"},\"query-input\":{\"@type\":\"PropertyValueSpecification\",\"valueRequired\":true,\"valueName\":\"search_term_string\"}}],\"inLanguage\":\"en-GB\"},{\"@type\":\"Organization\",\"@id\":\"https:\\\/\\\/exhibitgroup.fr\\\/fr\\\/#organization\",\"name\":\"Exhibit Group\",\"url\":\"https:\\\/\\\/exhibitgroup.fr\\\/fr\\\/\",\"logo\":{\"@type\":\"ImageObject\",\"inLanguage\":\"en-GB\",\"@id\":\"https:\\\/\\\/exhibitgroup.fr\\\/fr\\\/#\\\/schema\\\/logo\\\/image\\\/\",\"url\":\"https:\\\/\\\/exhibitgroup.fr\\\/wp-content\\\/uploads\\\/EXHIBIT_GROUP_LOGO.jpg\",\"contentUrl\":\"https:\\\/\\\/exhibitgroup.fr\\\/wp-content\\\/uploads\\\/EXHIBIT_GROUP_LOGO.jpg\",\"width\":2373,\"height\":675,\"caption\":\"Exhibit Group\"},\"image\":{\"@id\":\"https:\\\/\\\/exhibitgroup.fr\\\/fr\\\/#\\\/schema\\\/logo\\\/image\\\/\"},\"sameAs\":[\"https:\\\/\\\/www.facebook.com\\\/ExhibitGroup.fr\\\/\",\"https:\\\/\\\/fr.linkedin.com\\\/company\\\/exhibit-group_2\"]}]}<\/script>\n<!-- \/ Yoast SEO plugin. -->","yoast_head_json":{"title":"Legal information - Exhibit Group","description":"Consult the legal notice for the Exhibit Group site: legal information, intellectual property and conditions of use of the site.","robots":{"index":"index","follow":"follow","max-snippet":"max-snippet:-1","max-image-preview":"max-image-preview:large","max-video-preview":"max-video-preview:-1"},"canonical":"https:\/\/exhibitgroup.fr\/en\/legal-information-cgv\/","og_locale":"en_GB","og_type":"article","og_title":"Mentions l\u00e9gales - Exhibit Group","og_description":"Consultez les mentions l\u00e9gales du site Exhibit Group : informations juridiques, propri\u00e9t\u00e9 intellectuelle et conditions d\u2019utilisation du site.","og_url":"https:\/\/exhibitgroup.fr\/en\/legal-information-cgv\/","og_site_name":"Exhibit Group","article_publisher":"https:\/\/www.facebook.com\/ExhibitGroup.fr\/","article_modified_time":"2025-06-13T10:41:04+00:00","og_image":[{"width":2373,"height":675,"url":"https:\/\/exhibitgroup.fr\/wp-content\/uploads\/EXHIBIT_GROUP_LOGO.jpg","type":"image\/jpeg"}],"twitter_card":"summary_large_image","twitter_misc":{"Estimated reading time":"5 minutes"},"schema":{"@context":"https:\/\/schema.org","@graph":[{"@type":"WebPage","@id":"https:\/\/exhibitgroup.fr\/mentions-legales-cgv\/","url":"https:\/\/exhibitgroup.fr\/mentions-legales-cgv\/","name":"Legal information - Exhibit Group","isPartOf":{"@id":"https:\/\/exhibitgroup.fr\/fr\/#website"},"datePublished":"2025-05-14T19:44:47+00:00","dateModified":"2025-06-13T10:41:04+00:00","description":"Consult the legal notice for the Exhibit Group site: legal information, intellectual property and conditions of use of the site.","breadcrumb":{"@id":"https:\/\/exhibitgroup.fr\/mentions-legales-cgv\/#breadcrumb"},"inLanguage":"en-GB","potentialAction":[{"@type":"ReadAction","target":["https:\/\/exhibitgroup.fr\/mentions-legales-cgv\/"]}]},{"@type":"BreadcrumbList","@id":"https:\/\/exhibitgroup.fr\/mentions-legales-cgv\/#breadcrumb","itemListElement":[{"@type":"ListItem","position":1,"name":"Accueil","item":"https:\/\/exhibitgroup.fr\/"},{"@type":"ListItem","position":2,"name":"Mentions l\u00e9gales"}]},{"@type":"WebSite","@id":"https:\/\/exhibitgroup.fr\/fr\/#website","url":"https:\/\/exhibitgroup.fr\/fr\/","name":"Exhibit Group","description":"","publisher":{"@id":"https:\/\/exhibitgroup.fr\/fr\/#organization"},"potentialAction":[{"@type":"SearchAction","target":{"@type":"EntryPoint","urlTemplate":"https:\/\/exhibitgroup.fr\/fr\/?s={search_term_string}"},"query-input":{"@type":"PropertyValueSpecification","valueRequired":true,"valueName":"search_term_string"}}],"inLanguage":"en-GB"},{"@type":"Organization","@id":"https:\/\/exhibitgroup.fr\/fr\/#organization","name":"Exhibit Group","url":"https:\/\/exhibitgroup.fr\/fr\/","logo":{"@type":"ImageObject","inLanguage":"en-GB","@id":"https:\/\/exhibitgroup.fr\/fr\/#\/schema\/logo\/image\/","url":"https:\/\/exhibitgroup.fr\/wp-content\/uploads\/EXHIBIT_GROUP_LOGO.jpg","contentUrl":"https:\/\/exhibitgroup.fr\/wp-content\/uploads\/EXHIBIT_GROUP_LOGO.jpg","width":2373,"height":675,"caption":"Exhibit Group"},"image":{"@id":"https:\/\/exhibitgroup.fr\/fr\/#\/schema\/logo\/image\/"},"sameAs":["https:\/\/www.facebook.com\/ExhibitGroup.fr\/","https:\/\/fr.linkedin.com\/company\/exhibit-group_2"]}]}},"_links":{"self":[{"href":"https:\/\/exhibitgroup.fr\/en\/wp-json\/wp\/v2\/pages\/1932","targetHints":{"allow":["GET"]}}],"collection":[{"href":"https:\/\/exhibitgroup.fr\/en\/wp-json\/wp\/v2\/pages"}],"about":[{"href":"https:\/\/exhibitgroup.fr\/en\/wp-json\/wp\/v2\/types\/page"}],"author":[{"embeddable":true,"href":"https:\/\/exhibitgroup.fr\/en\/wp-json\/wp\/v2\/users\/1"}],"replies":[{"embeddable":true,"href":"https:\/\/exhibitgroup.fr\/en\/wp-json\/wp\/v2\/comments?post=1932"}],"version-history":[{"count":0,"href":"https:\/\/exhibitgroup.fr\/en\/wp-json\/wp\/v2\/pages\/1932\/revisions"}],"wp:attachment":[{"href":"https:\/\/exhibitgroup.fr\/en\/wp-json\/wp\/v2\/media?parent=1932"}],"curies":[{"name":"wp","href":"https:\/\/api.w.org\/{rel}","templated":true}]}}